{"id":170,"date":"2014-05-24T19:53:27","date_gmt":"2014-05-24T17:53:27","guid":{"rendered":"http:\/\/malte-goetz.de\/?page_id=170"},"modified":"2014-05-24T19:58:21","modified_gmt":"2014-05-24T17:58:21","slug":"10-gute-gruende","status":"publish","type":"page","link":"http:\/\/malte-goetz.de\/?page_id=170","title":{"rendered":"10 gute Gr\u00fcnde"},"content":{"rendered":"<h3 style=\"text-align: justify;\"><span style=\"text-decoration: underline;\">Daf\u00fcr stehe ich:<\/span><\/h3>\n<p style=\"text-align: justify;\"><img loading=\"lazy\" decoding=\"async\" class=\"alignright wp-image-9 size-medium\" src=\"http:\/\/malte-goetz.de\/wp-content\/uploads\/2014\/04\/Malteprofil2-231x300.jpg\" alt=\"Malteprofil2\" width=\"231\" height=\"300\" srcset=\"http:\/\/malte-goetz.de\/wp-content\/uploads\/2014\/04\/Malteprofil2-231x300.jpg 231w, http:\/\/malte-goetz.de\/wp-content\/uploads\/2014\/04\/Malteprofil2-788x1024.jpg 788w, http:\/\/malte-goetz.de\/wp-content\/uploads\/2014\/04\/Malteprofil2.jpg 836w\" sizes=\"auto, (max-width: 231px) 100vw, 231px\" \/><\/p>\n<p style=\"text-align: justify;\"><strong>1. Vern\u00fcnftige Kommunalpolitik mit liberaler F\u00e4rbung aber ohne Parteiquerelen.<\/strong> Zu oft kommt es schon in der \u201egro\u00dfen Politik\u201c vor, dass sinnvolle Initiativen abgeblockt werden, weil sie von einer bestimmten Partei stammen. F\u00fcr derlei Spielchen ist in Teltow kein Platz. Die Devise hei\u00dft: Anpacken zum Wohle der Stadt \u2013 und zwar fraktions\u00fcbergreifend.<\/p>\n<p style=\"text-align: justify;\"><strong>2. Entscheidungen, die von den Betroffenen auch gewollt sind.<\/strong> Die B\u00fcrger sollen in ihren Initiativen unterst\u00fctzt werden, denn sie wissen am besten, was sie brauchen und was nicht. Das bedeutet: \u25cf F\u00f6rderung der Vereine, so wie es ihnen am meisten hilft \u25cf Freizeitangebote, die dem Bedarf entsprechen \u25cf Anliegerstra\u00dfenbau da, wo die Anlieger das wollen \u25cf Keine neuen Superm\u00e4rkte, wenn diese nicht ben\u00f6tigt werden, usw.<\/p>\n<p style=\"text-align: justify;\"><strong>3. Unkomplizierte L\u00f6sungen f\u00fcr die kleinen Probleme.<\/strong> In Ihrer Wohngegend fehlt eine Sitzbank, ein \u00f6ffentlicher M\u00fclleimer oder ein Fahrradst\u00e4nder? Ihr Verein braucht Unterst\u00fctzung f\u00fcr seine Jubil\u00e4umsfeier? Das sind Angelegenheiten, die sich unb\u00fcrokratisch l\u00f6sen lassen, wenn man nur will. Hierf\u00fcr sind die Stadtverordneten aber immer auf Ihre Hinweise angewiesen!<\/p>\n<p style=\"text-align: justify;\"><strong>4. Eine freie Wahl zwischen allen Verkehrsmitteln.<\/strong> Ich gebe nicht aus ideologischen Gr\u00fcnden der einen Fortbewegungsart Priorit\u00e4t vor der anderen. Teltow braucht fl\u00e4chendeckend intakte Geh- und Radwege. Teltow braucht ein sich st\u00e4ndig verbesserndes und wachsendes \u00d6PNV-Netz, auch nachts. Teltow braucht aber auch gute Stra\u00dfen und eine ausreichende Anzahl von Parkpl\u00e4tzen. Wie der Einzelne am besten von A nach B kommt, muss er selbst entscheiden.<\/p>\n<p style=\"text-align: justify;\"><strong>5. Eine sichere Stadt.<\/strong> Der Stellenabbau bei der Polizei ist unverantwortlich! Teltow \u00fcbt hier jedoch bisher keinerlei sp\u00fcrbaren Druck auf die Landesregierung aus. Das muss sich \u00e4ndern!<\/p>\n<p style=\"text-align: justify;\"><strong>6. Eine saubere Stadt.<\/strong> Die Reinigung der Stra\u00dfen reicht nicht aus. Auch der herumliegende M\u00fcll an mit dem Auto nicht zug\u00e4nglichen Spazierwegen muss regelm\u00e4\u00dfig beseitigt werden. Zus\u00e4tzlich sind gen\u00fcgend M\u00fclleimer aufzustellen. Illegale Graffitis und Schmierereien sind innerhalb von drei Tagen zu entfernen. Gleichzeitig soll die Stadt legale Fl\u00e4chen f\u00fcr Graffitik\u00fcnstler zur Verf\u00fcgung stellen.<\/p>\n<p style=\"text-align: justify;\"><strong>7. Keine Bevormundung des B\u00fcrgers.<\/strong> \u00dcber kommunale Satzungen regelt die Stadt viele Bereiche, die die Teltower ganz unmittelbar betreffen. Hier gilt es, Augenma\u00df zu bewahren. Die Stadt muss ihren B\u00fcrgern nicht bis ins kleinste Detail vorschreiben, welchen Baum sie in ihrem Garten pflanzen oder f\u00e4llen d\u00fcrfen.<\/p>\n<p style=\"text-align: justify;\"><strong>8. Eine Kommunalpolitik, die mit dem Bev\u00f6lkerungswachstum Schritt h\u00e4lt.<\/strong> Mit dem Zuzug vor allem junger Familien werden mehr Kitapl\u00e4tze und Schulen gebraucht. Aber auch Wohnraum ist knapp und das Verkehrswegenetz muss st\u00e4ndig \u00fcberarbeitet werden. Die Politik darf hier nicht tr\u00e4ge sein, sondern muss schnell L\u00f6sungen finden.<\/p>\n<p style=\"text-align: justify;\"><strong>9. <strong>Eine Stadt mit Aufenthaltsqualit\u00e4t.<\/strong><\/strong> Teltow braucht eine lebendige Altstadt und eine Kanalaue, an der man gerne seine Freizeit verbringt, sei es zum Spaziergang oder beim Feierabendbier. Teltow braucht die Erhaltung der stadtnahen Gr\u00fcnzonen, wie etwa der Buschwiesen und der Rieselfelder. Teltow hat alles Potential, eine Stadt zu werden, in der man gerne flaniert und sich auf der Stra\u00dfe trifft. Daran m\u00f6chte ich arbeiten.<\/p>\n<p style=\"text-align: justify;\"><strong>10. Transparenz und B\u00fcrgerbeteiligung.<\/strong> B\u00fcrgerfragestunden vor der Stadtverordnetenversammlung sind eine Form der Beteiligung, die richtig und wichtig ist. Sie wird allerdings nur von wenigen wahrgenommen. Stadtteilkonferenzen, Rundschreiben und B\u00fcrgerbefragungen sind m\u00f6gliche Erg\u00e4nzungen. Um mit meinen begrenzten M\u00f6glichkeiten m\u00f6glichst viele Teltower an ihrer Kommunalpolitik teilhaben zu lassen, werde ich diesen Blog nach der Wahl fortf\u00fchren, um ggf. meine Arbeit als Stadtverordneter zu dokumentieren und zur Diskussion zu stellen.<\/p>\n<h2 style=\"text-align: justify;\"><strong>Mit Herz und Verstand volle Kraft voraus f\u00fcr unser Teltow! Das ist mein Anspruch.<\/strong><\/h2>\n","protected":false},"excerpt":{"rendered":"<p>Daf\u00fcr stehe ich: 1. Vern\u00fcnftige Kommunalpolitik mit liberaler F\u00e4rbung aber ohne Parteiquerelen. Zu oft kommt es schon in der \u201egro\u00dfen Politik\u201c vor, [&hellip;]<\/p>\n","protected":false},"author":1,"featured_media":9,"parent":0,"menu_order":2,"comment_status":"open","ping_status":"open","template":"","meta":{"footnotes":""},"class_list":["post-170","page","type-page","status-publish","has-post-thumbnail","hentry"],"_links":{"self":[{"href":"http:\/\/malte-goetz.de\/index.php?rest_route=\/wp\/v2\/pages\/170","targetHints":{"allow":["GET"]}}],"collection":[{"href":"http:\/\/malte-goetz.de\/index.php?rest_route=\/wp\/v2\/pages"}],"about":[{"href":"http:\/\/malte-goetz.de\/index.php?rest_route=\/wp\/v2\/types\/page"}],"author":[{"embeddable":true,"href":"http:\/\/malte-goetz.de\/index.php?rest_route=\/wp\/v2\/users\/1"}],"replies":[{"embeddable":true,"href":"http:\/\/malte-goetz.de\/index.php?rest_route=%2Fwp%2Fv2%2Fcomments&post=170"}],"version-history":[{"count":11,"href":"http:\/\/malte-goetz.de\/index.php?rest_route=\/wp\/v2\/pages\/170\/revisions"}],"predecessor-version":[{"id":182,"href":"http:\/\/malte-goetz.de\/index.php?rest_route=\/wp\/v2\/pages\/170\/revisions\/182"}],"wp:featuredmedia":[{"embeddable":true,"href":"http:\/\/malte-goetz.de\/index.php?rest_route=\/wp\/v2\/media\/9"}],"wp:attachment":[{"href":"http:\/\/malte-goetz.de\/index.php?rest_route=%2Fwp%2Fv2%2Fmedia&parent=170"}],"curies":[{"name":"wp","href":"https:\/\/api.w.org\/{rel}","templated":true}]}}