{"id":44,"date":"2014-04-26T15:29:32","date_gmt":"2014-04-26T13:29:32","guid":{"rendered":"http:\/\/malte-goetz.de\/?page_id=44"},"modified":"2016-04-24T23:16:26","modified_gmt":"2016-04-24T21:16:26","slug":"ueber-mich","status":"publish","type":"page","link":"http:\/\/malte-goetz.de\/?page_id=44","title":{"rendered":"\u00dcber mich"},"content":{"rendered":"<p style=\"text-align: justify;\"><a href=\"http:\/\/malte-goetz.de\/wp-content\/uploads\/2014\/04\/Malte2010-2.jpg\"><img loading=\"lazy\" decoding=\"async\" class=\"alignleft wp-image-67\" src=\"http:\/\/malte-goetz.de\/wp-content\/uploads\/2014\/04\/Malte2010-2.jpg\" alt=\"\" width=\"400\" height=\"401\" srcset=\"http:\/\/malte-goetz.de\/wp-content\/uploads\/2014\/04\/Malte2010-2.jpg 716w, http:\/\/malte-goetz.de\/wp-content\/uploads\/2014\/04\/Malte2010-2-150x150.jpg 150w, http:\/\/malte-goetz.de\/wp-content\/uploads\/2014\/04\/Malte2010-2-300x300.jpg 300w, http:\/\/malte-goetz.de\/wp-content\/uploads\/2014\/04\/Malte2010-2-50x50.jpg 50w\" sizes=\"auto, (max-width: 400px) 100vw, 400px\" \/><\/a>Mein Name ist Malt\u00ea Goetz.<\/p>\n<p style=\"text-align: justify;\">Wenige Monate vor der Wiedervereinigung wurde ich im Juni 1990 in Potsdam geboren und bin in Teltow aufgewachsen. Zurzeit studiere ich Jura in Potsdam.<\/p>\n<p style=\"text-align: justify;\">Als Liberaler nehme ich Toleranz und Eigenverantwortung als Ma\u00dfstab meines Handelns. Ich glaube nicht, dass irgendjemand zu seinem Gl\u00fcck gezwungen werden muss und respektiere auch die Lebensentw\u00fcrfe, die f\u00fcr mich selbst nicht in Frage k\u00e4men.<\/p>\n<p style=\"text-align: justify;\">Jeder Mensch ist und denkt anders. Jeder hat andere W\u00fcnsche und Vorstellungen. Meine Aufgabe als Stadtverordneter s\u00e4he ich darin, jedem zu erm\u00f6glichen, dass er nach seiner Fa<span class=\"st\">\u00e7<\/span>on in Teltow gl\u00fccklich werden kann, so er das denn m\u00f6chte.<\/p>\n<p style=\"text-align: justify;\">Hier ein paar biografische Daten \u00fcber mich:<\/p>\n<p>&nbsp;<\/p>\n<p>&nbsp;<\/p>\n<p><strong>Schule, Studium, Referendariat<br \/>\n<\/strong><\/p>\n<p>1996 \u2013 2002: Besuch der Grundschule I (heute Stubenrauch-Grundschule) in Teltow<\/p>\n<p style=\"text-indent: -8em; margin-left: 8em;\">2002 \u2013 2009: Besuch des Immanuel-Kant-Gymnasiums Teltow. Das Schuljahr 2006\/07 verbrachte ich als Austauschsch\u00fcler in Teltows franz\u00f6sischer Partnerstadt Gonfreville l\u2019Orcher.<\/p>\n<p style=\"text-indent: -8em; margin-left: 8em;\">2009 \u2013 2015 : Studium der Rechtswissenschaften in Potsdam. Dort nahm ich am deutsch-franz\u00f6sischen Studiengang Jura teil und studierte 2011\/12 ein Jahr lang an der Partneruniversit\u00e4t Paris Ouest \u2013 Nanterre \u2013 La D\u00e9fense. Mein Interessenschwerpunkt liegt im V\u00f6lker- und Europarecht. Seit 2013 arbeite ich als wissenschaftliche Hilfskraft am Menschenrechtszentrum der Universit\u00e4t Potsdam.<\/p>\n<p style=\"text-indent: -8em; margin-left: 8em;\">Seit 2016:\u00a0\u00a0\u00a0\u00a0\u00a0\u00a0\u00a0\u00a0\u00a0\u00a0 Juristischer Vorbereitungsdienst (Referendariat) im Bezirk des Landgerichts Potsdam<\/p>\n<p>&nbsp;<\/p>\n<p><strong>Mein Hobby \u2013 die Politik<\/strong><\/p>\n<p>Seit 2008:\u00a0\u00a0\u00a0\u00a0\u00a0\u00a0\u00a0\u00a0\u00a0 Mitglied der <a title=\"JuLis Brandenburg\" href=\"http:\/\/www.julis-brandenburg.de\" target=\"_blank\">Jungen Liberalen Brandenburg<\/a><\/p>\n<p>2008:\u00a0\u00a0\u00a0\u00a0\u00a0\u00a0\u00a0\u00a0\u00a0\u00a0\u00a0\u00a0\u00a0\u00a0\u00a0 \u00a0 Kandidatur zur Kommunalwahl<\/p>\n<p>2008 \u2013 2011:\u00a0\u00a0\u00a0\u00a0 Sachkundiger Einwohner im Ausschuss f\u00fcr Schule, Kultur, Sport und Soziales der Stadt Teltow<\/p>\n<p>Seit 2010:\u00a0\u00a0\u00a0\u00a0\u00a0\u00a0\u00a0\u00a0\u00a0\u00a0 Mitglied der FDP<\/p>\n<p>Seit 2013:\u00a0\u00a0\u00a0\u00a0\u00a0\u00a0\u00a0\u00a0\u00a0\u00a0 Beisitzer im Kreisvorstand der <a title=\"FDP Potsdam-Mittelmark\" href=\"http:\/\/www.pm-liberal.de\/\" target=\"_blank\">FDP Potsdam-Mittelmark<\/a><\/p>\n<p>2014:\u00a0\u00a0\u00a0\u00a0\u00a0\u00a0\u00a0\u00a0\u00a0\u00a0\u00a0\u00a0\u00a0\u00a0\u00a0\u00a0\u00a0\u00a0 Kandidatur zur Kommunalwahl<\/p>\n<p>Seit 2016:\u00a0\u00a0\u00a0\u00a0\u00a0\u00a0\u00a0\u00a0\u00a0\u00a0 Sachkundiger Einwohner im Ausschuss f\u00fcr Bauen, Wohnen und Verkehr der Stadt Teltow<\/p>\n<p>&nbsp;<\/p>\n<p><strong>Sonstiges<\/strong><\/p>\n<p style=\"text-indent: -8em; margin-left: 8em;\">Seit 2007:\u00a0\u00a0\u00a0\u00a0\u00a0\u00a0\u00a0\u00a0\u00a0\u00a0 Mitglied des Vereins f\u00fcr St\u00e4dtepartnerschaft \u201eTeltow ohne Grenzen e. V.\u201c. Dort betreue ich u. a. die Internetseite <a title=\"Teltow ohne Grenzen e. V.\" href=\"http:\/\/www.tog-verein.de\" target=\"_blank\">www.tog-verein.de<\/a>.<\/p>\n<p style=\"text-indent: -8em; margin-left: 8em;\">2013 \u2013 2015:\u00a0\u00a0\u00a0\u00a0\u00a0 Mitglied der stipendiatischen \u201eInitiative Entwicklungspolitik und Entwicklungszusammenarbeit\u201c der Friedrich-Naumann-Stiftung f\u00fcr die Freiheit<\/p>\n<p style=\"text-indent: -8em; margin-left: 8em;\">Schon immer:\u00a0\u00a0\u00a0 Gro\u00dfe Begeisterung f\u00fcr Geografie, Sprachen und Kulturen<\/p>\n<p style=\"text-indent: -8em; margin-left: 8em;\">\n<p style=\"text-indent: -8em; margin-left: 8em;\">\n","protected":false},"excerpt":{"rendered":"<p>Mein Name ist Malt\u00ea Goetz. Wenige Monate vor der Wiedervereinigung wurde ich im Juni 1990 in Potsdam geboren und bin in Teltow [&hellip;]<\/p>\n","protected":false},"author":1,"featured_media":0,"parent":0,"menu_order":0,"comment_status":"open","ping_status":"open","template":"","meta":{"footnotes":""},"class_list":["post-44","page","type-page","status-publish","hentry"],"_links":{"self":[{"href":"http:\/\/malte-goetz.de\/index.php?rest_route=\/wp\/v2\/pages\/44","targetHints":{"allow":["GET"]}}],"collection":[{"href":"http:\/\/malte-goetz.de\/index.php?rest_route=\/wp\/v2\/pages"}],"about":[{"href":"http:\/\/malte-goetz.de\/index.php?rest_route=\/wp\/v2\/types\/page"}],"author":[{"embeddable":true,"href":"http:\/\/malte-goetz.de\/index.php?rest_route=\/wp\/v2\/users\/1"}],"replies":[{"embeddable":true,"href":"http:\/\/malte-goetz.de\/index.php?rest_route=%2Fwp%2Fv2%2Fcomments&post=44"}],"version-history":[{"count":34,"href":"http:\/\/malte-goetz.de\/index.php?rest_route=\/wp\/v2\/pages\/44\/revisions"}],"predecessor-version":[{"id":305,"href":"http:\/\/malte-goetz.de\/index.php?rest_route=\/wp\/v2\/pages\/44\/revisions\/305"}],"wp:attachment":[{"href":"http:\/\/malte-goetz.de\/index.php?rest_route=%2Fwp%2Fv2%2Fmedia&parent=44"}],"curies":[{"name":"wp","href":"https:\/\/api.w.org\/{rel}","templated":true}]}}